{"id":4830,"date":"2026-02-05T23:38:46","date_gmt":"2026-02-05T23:38:46","guid":{"rendered":"https:\/\/jonathanbrill.com\/?page_id=4830"},"modified":"2026-03-03T19:11:45","modified_gmt":"2026-03-03T19:11:45","slug":"privacidad","status":"publish","type":"page","link":"https:\/\/jonathanbrill.com\/es\/intl\/privacy\/","title":{"rendered":"Pol\u00edtica internacional de privacidad"},"content":{"rendered":"<p>Creemos que el uso responsable de los datos favorece el crecimiento empresarial y crea relaciones s\u00f3lidas entre las marcas y sus clientes y socios. Como empresa, nos comprometemos a respetar y proteger la privacidad de todas las personas con las que interactuamos. Nos comprometemos a ser siempre transparentes en el manejo y tratamiento de los datos personales, de conformidad con la legislaci\u00f3n aplicable en materia de privacidad y protecci\u00f3n de datos.<\/p>\n\n\n\n<p>Este Aviso de privacidad explica detalladamente los tipos de datos personales que podemos recopilar sobre usted cuando interact\u00faa con nosotros en este sitio web y nuestras pr\u00e1cticas para recopilar, utilizar, proteger y divulgar esa informaci\u00f3n.<\/p>\n\n\n\n<h2 class=\"wp-block-heading\">Informaci\u00f3n que podemos recopilar<\/h2>\n\n\n\n<p>El tipo de informaci\u00f3n que recopilemos depender\u00e1 de las circunstancias y del servicio que est\u00e9 utilizando. En t\u00e9rminos generales, recopilaremos informaci\u00f3n relativa a usted y\/o a su uso de nuestros servicios de las siguientes maneras:<\/p>\n\n\n\n<h3 class=\"wp-block-heading\">Informaci\u00f3n relativa a su uso del sitio web<\/h3>\n\n\n\n<p>Nosotros y nuestros proveedores de servicios externos utilizamos cookies y otras herramientas de seguimiento para recopilar autom\u00e1ticamente informaci\u00f3n sobre c\u00f3mo utiliza usted nuestro sitio web. Esto incluye informaci\u00f3n relativa a las p\u00e1ginas que visita en nuestro sitio web, los servicios o la informaci\u00f3n que busca y los enlaces y contenidos a los que decide acceder en nuestro sitio web.<\/p>\n\n\n\n<p>Cuando los visitantes dejan comentarios en nuestro blog, recopilamos los datos que aparecen en el formulario de comentarios, as\u00ed como la direcci\u00f3n IP del visitante y la cadena de agente de usuario del navegador para ayudar a la detecci\u00f3n de spam. Es posible que se proporcione al servicio Gravatar una cadena anonimizada creada a partir de su direcci\u00f3n de correo electr\u00f3nico (tambi\u00e9n llamada hash) para saber si la est\u00e1 utilizando. La pol\u00edtica de privacidad del servicio Gravatar est\u00e1 disponible aqu\u00ed: <a href=\"https:\/\/automattic.com\/privacy\/\" target=\"_blank\" rel=\"noopener\">https:\/\/automattic.com\/privacy\/<\/a>. Tras la aprobaci\u00f3n de tu comentario, tu foto de perfil ser\u00e1 visible para el p\u00fablico en el contexto de tu comentario.<\/p>\n\n\n\n<p>Si deja un comentario en nuestro blog, puede optar por guardar su nombre, direcci\u00f3n de correo electr\u00f3nico y sitio web en cookies. Esto es para su comodidad, para que no tenga que volver a rellenar sus datos cuando deje otro comentario. Estas cookies durar\u00e1n un a\u00f1o.<\/p>\n\n\n\n<p>Las p\u00e1ginas de este sitio pueden incluir contenido incrustado (por ejemplo, v\u00eddeos, im\u00e1genes, art\u00edculos, etc.). El contenido incrustado de otros sitios web se comporta exactamente igual que si el visitante hubiera visitado el otro sitio web. Estos sitios web pueden recopilar datos sobre usted, utilizar cookies, incrustar seguimiento adicional de terceros y supervisar su interacci\u00f3n con ese contenido incrustado, incluido el seguimiento de su interacci\u00f3n con el contenido incrustado si tiene una cuenta y ha iniciado sesi\u00f3n en ese sitio web.<\/p>\n\n\n\n<h3 class=\"wp-block-heading\">Datos t\u00e9cnicos<\/h3>\n\n\n\n<p>Nosotros y nuestros proveedores de servicios externos recopilamos autom\u00e1ticamente informaci\u00f3n sobre el dispositivo o dispositivos que utiliza para acceder a nuestro sitio web. Esto incluye recopilar informaci\u00f3n sobre el tipo de dispositivo que est\u00e1 utilizando, as\u00ed como el identificador \u00fanico del dispositivo m\u00f3vil o los identificadores en l\u00ednea de la direcci\u00f3n del protocolo de Internet (IP), que son n\u00fameros que pueden identificar de forma exclusiva un ordenador espec\u00edfico u otro dispositivo de red en Internet.<\/p>\n\n\n\n<h3 class=\"wp-block-heading\">Datos de contacto<\/h3>\n\n\n\n<p>Recopilamos datos de contacto directamente de usted cuando nos env\u00eda un mensaje o se inscribe para recibir alertas por correo electr\u00f3nico, asiste a uno de nuestros actos, descarga nuestros contenidos, se suscribe a nuestros boletines o cuando nos pide que respondamos a una consulta suya. Los datos personales que recopilamos pueden incluir su nombre, direcci\u00f3n de correo electr\u00f3nico, empresa, empleador, cargo y ubicaci\u00f3n.<\/p>\n\n\n\n<h3 class=\"wp-block-heading\">Preferencias de marketing y comunicaci\u00f3n<\/h3>\n\n\n\n<p>Recopilamos informaci\u00f3n sobre sus preferencias a la hora de recibir informaci\u00f3n comercial de nuestra parte y sus preferencias de comunicaci\u00f3n.<\/p>\n\n\n\n<h2 class=\"wp-block-heading\">C\u00f3mo utilizamos esta informaci\u00f3n<\/h2>\n\n\n\n<p>Salvo cuando lo exija la ley o una orden judicial, utilizamos sus datos personales para los siguientes fines:<\/p>\n\n\n\n<ul class=\"wp-block-list\">\n<li>proporcionarle la informaci\u00f3n o los servicios espec\u00edficos que haya solicitado;<\/li>\n\n\n\n<li>para permitir la descarga de nuestros contenidos;<\/li>\n\n\n\n<li>enviarle boletines y mensajes publicitarios (pueden contener informaci\u00f3n relativa a nuestras marcas y servicios);<\/li>\n\n\n\n<li>responder a sus peticiones y comentarios;<\/li>\n\n\n\n<li>analizar y\/o mejorar nuestros sitios web y servicios; y<\/li>\n\n\n\n<li>para protegernos a nosotros, nuestros sitios web, clientes, empleados y socios comerciales del fraude u otras actividades maliciosas.<\/li>\n<\/ul>\n\n\n\n<h2 class=\"wp-block-heading\">Pol\u00edtica de cookies<\/h2>\n\n\n\n<p>Lea a continuaci\u00f3n para obtener m\u00e1s informaci\u00f3n sobre las cookies que utilizamos, los fines para los que las utilizamos y c\u00f3mo rechazar las cookies.<\/p>\n\n\n\n<h3 class=\"wp-block-heading\">C\u00f3mo desplegamos las \u201ccookies\u201d&nbsp;<\/h3>\n\n\n\n<p>Las cookies son peque\u00f1os paquetes de informaci\u00f3n que almacena su navegador cuando visita determinados sitios web, incluido el nuestro. Por lo general, los sitios web utilizan cookies para mejorar su experiencia de usuario al permitir que el sitio web le \u2018recuerde\u2019, ya sea estrictamente durante la duraci\u00f3n de su visita (utilizando una cookie de \u201csesi\u00f3n\u201d que se borra al cerrar el navegador) o para visitas repetidas (utilizando una cookie \u201cpermanente\u201d).<\/p>\n\n\n\n<h3 class=\"wp-block-heading\">C\u00f3mo rechazar las cookies<\/h3>\n\n\n\n<p>Nuestra pol\u00edtica Do-Not-Track: Si no desea recibir cookies, puede modificar la configuraci\u00f3n de su navegador. El procedimiento para hacerlo var\u00eda de una aplicaci\u00f3n de navegaci\u00f3n a otra. Si desea rechazar las cookies de nuestro sitio, pero desea aceptar las de otros sitios, puede elegir la opci\u00f3n en la configuraci\u00f3n de su navegador para recibir un aviso antes de que se almacene una cookie en su dispositivo. Si bloquea o rechaza las cookies, no se detendr\u00e1 todo el seguimiento aqu\u00ed descrito. Para m\u00e1s informaci\u00f3n, consulte la secci\u00f3n \u201cAyuda\u201d de su navegador. <\/p>\n\n\n\n<p>Para obtener m\u00e1s informaci\u00f3n o para optar por que no se recopile su comportamiento en l\u00ednea con fines publicitarios, consulte lo siguiente: <a href=\"https:\/\/www.youronlinechoices.com\" target=\"_blank\" rel=\"noopener\">www.youronlinechoices.com<\/a> (para usuarios de la UE) o <a href=\"http:\/\/optout.aboutads.info\/\" target=\"_blank\" rel=\"noopener\">http:\/\/optout.aboutads.info\/<\/a> (para usuarios de EE.UU.). Las opciones que usted elija son espec\u00edficas de cada dispositivo y navegador. Si desactiva las cookies, es posible que no pueda acceder a algunas funciones de nuestro sitio o que determinados contenidos o funcionalidades no est\u00e9n disponibles.<\/p>\n\n\n\n<h2 class=\"wp-block-heading\">Intercambio de informaci\u00f3n<\/h2>\n\n\n\n<p>Recurrimos a un peque\u00f1o n\u00famero de terceros para que realicen funciones comerciales en nuestro nombre, como el env\u00edo de nuestros boletines y el alojamiento de nuestro sitio web. Revelaremos datos personales a estos vendedores y proveedores de servicios para que puedan prestar sus servicios.<\/p>\n\n\n\n<p>Cuando lo exija o lo permita la ley, los datos personales podr\u00e1n facilitarse a terceros, como organismos reguladores y policiales, por ejemplo en respuesta a una orden judicial o una citaci\u00f3n, o en respuesta a la solicitud de un organismo policial, o cuando creamos que es necesario investigar, prevenir o tomar medidas en relaci\u00f3n con actividades ilegales o para protegernos a nosotros, nuestros sitios web, clientes, empleados y socios comerciales del fraude u otras actividades maliciosas, y seg\u00fan lo exija la ley.<\/p>\n\n\n\n<p>No vendemos ni alquilamos sus datos personales a terceros.<\/p>\n\n\n\n<h2 class=\"wp-block-heading\">Cu\u00e1nto tiempo conservamos sus datos <\/h2>\n\n\n\n<p>Si deja un comentario, el comentario y sus metadatos se conservan indefinidamente. As\u00ed podemos reconocer y aprobar autom\u00e1ticamente cualquier comentario posterior en lugar de retenerlo en una cola de moderaci\u00f3n.<\/p>\n\n\n\n<h2 class=\"wp-block-heading\">Qu\u00e9 derechos tiene sobre sus datos<\/h2>\n\n\n\n<p>Si ha dejado comentarios, puede solicitar recibir un archivo exportado de los datos personales que tenemos sobre usted, incluidos los datos que nos haya facilitado, enviando un correo electr\u00f3nico a <a href=\"mailto:tam@jonathanbrill.com\" target=\"_blank\" data-type=\"mailto\" data-id=\"mailto:tam@jonathanbrill.com\" rel=\"noreferrer noopener\">tam@jonathanbrill.com<\/a>. Tambi\u00e9n puede solicitar que borremos cualquier dato personal que tengamos sobre usted. Esto no incluye los datos que estemos obligados a conservar por motivos administrativos, legales o de seguridad.<\/p>\n\n\n\n<h2 class=\"wp-block-heading\">Sus derechos de privacidad en California <\/h2>\n\n\n\n<p>El art\u00edculo 1798.83 del C\u00f3digo Civil de California permite a los usuarios de la Plataforma residentes en California solicitar determinada informaci\u00f3n relativa a nuestra divulgaci\u00f3n de informaci\u00f3n personal a terceros para sus fines de marketing directo. Para realizar dicha solicitud, env\u00ede un correo electr\u00f3nico a <a href=\"mailto:tam@jonathanbrill.com\" target=\"_blank\" data-type=\"mailto\" data-id=\"mailto:tam@jonathanbrill.com\" rel=\"noreferrer noopener\">tam@jonathanbrill.com<\/a>.<\/p>\n\n\n\n<h2 class=\"wp-block-heading\">Usuarios del Espacio Econ\u00f3mico Europeo (EEE)<\/h2>\n\n\n\n<p>Si se encuentra en el EEE, tiene opciones en relaci\u00f3n con la informaci\u00f3n y los datos que tenemos sobre usted.  Para ejercer cualquiera de las opciones que se comentan a continuaci\u00f3n, p\u00f3ngase en contacto con nosotros en <a href=\"mailto:tam@jonathanbrill.com\" target=\"_blank\" data-type=\"mailto\" data-id=\"mailto:tam@jonathanbrill.com\" rel=\"noreferrer noopener\">tam@jonathanbrill.com<\/a>.  Si eres usuario del EEE, puedes:<\/p>\n\n\n\n<ul class=\"wp-block-list\">\n<li>Acceder a la informaci\u00f3n que tenemos sobre usted. Nos esforzaremos por compartir esta informaci\u00f3n con usted en un plazo razonable.<\/li>\n\n\n\n<li>Rectifique o elimine sus datos.<\/li>\n\n\n\n<li>Oponerse al tratamiento de sus datos. Puedes pedirnos que dejemos de utilizar tus datos, incluso cuando los usamos para enviarte correos electr\u00f3nicos de marketing o notificaciones autom\u00e1ticas. Solo le enviamos material publicitario si usted lo ha aceptado, pero si prefiere que no lo hagamos, puede darse de baja f\u00e1cilmente en cualquier momento.<\/li>\n\n\n\n<li>Hacer que la informaci\u00f3n que nos ha facilitado se env\u00ede a otra organizaci\u00f3n, cuando dispongamos de esta informaci\u00f3n con su consentimiento o para la ejecuci\u00f3n de un contrato con usted, siempre que sea t\u00e9cnicamente posible.<\/li>\n\n\n\n<li>Reclamar ante un organismo regulador. Si reside en el EEE y cree que no hemos cumplido la legislaci\u00f3n sobre protecci\u00f3n de datos, tiene derecho a presentar una reclamaci\u00f3n ante la Comisi\u00f3n de Protecci\u00f3n de Datos de Irlanda o ante la autoridad supervisora local.<\/li>\n<\/ul>\n\n\n\n<h2 class=\"wp-block-heading\">Enlaces de terceros<\/h2>\n\n\n\n<p>El presente Aviso de Privacidad se limita a los datos personales recogidos por nosotros. En este sitio proporcionamos enlaces a otros sitios web, incluidos sitios de redes sociales como Facebook, Twitter y LinkedIn. Si sigue estos enlaces, el uso que haga de estos sitios se regir\u00e1 por sus correspondientes avisos de usuario y privacidad, ya que sus pr\u00e1cticas en materia de datos quedan fuera del \u00e1mbito del presente Aviso de Privacidad. Adem\u00e1s, no podemos tener ninguna responsabilidad o control sobre la informaci\u00f3n recogida por cualquier sitio web de terceros y no podemos ser responsables de la protecci\u00f3n y privacidad de cualquier informaci\u00f3n que usted pueda proporcionar en dichos sitios web.<\/p>\n\n\n\n<h2 class=\"wp-block-heading\">Cambios en nuestra pol\u00edtica de privacidad&nbsp;&nbsp;<\/h2>\n\n\n\n<p>Publicaremos cualquier cambio que hagamos en nuestra pol\u00edtica de privacidad en esta p\u00e1gina, y se le notificar\u00e1 cualquier cambio material en la p\u00e1gina de inicio del sitio web.<\/p>\n\n\n\n<h2 class=\"wp-block-heading\">Informaci\u00f3n de contacto<\/h2>\n\n\n\n<p><a href=\"mailto:tam@jonathanbrill.com\" target=\"_blank\" data-type=\"mailto\" data-id=\"mailto:tam@jonathanbrill.com\" rel=\"noreferrer noopener\">tam@jonathanbrill.com<\/a><\/p>\n\n\n\n<hr class=\"wp-block-separator has-alpha-channel-opacity is-style-wide\"\/>\n\n\n\n<p><em>Esta pol\u00edtica de privacidad se actualiz\u00f3 por \u00faltima vez el 4 de septiembre de 2025.<\/em><\/p>","protected":false},"excerpt":{"rendered":"<p>We believe that the responsible use of data supports business growth and builds strong relationships between brands and their customers and partners. As a business, we are committed to respecting and protecting the privacy of all individuals with whom we interact. We are committed to being always transparent in our handling and processing of personal [&hellip;]<\/p>\n","protected":false},"author":2,"featured_media":4750,"parent":4958,"menu_order":0,"comment_status":"closed","ping_status":"closed","template":"","meta":{"_et_pb_use_builder":"","_et_pb_old_content":"","_et_gb_content_width":"","footnotes":""},"class_list":["post-4830","page","type-page","status-publish","has-post-thumbnail","hentry"],"_links":{"self":[{"href":"https:\/\/jonathanbrill.com\/es\/wp-json\/wp\/v2\/pages\/4830","targetHints":{"allow":["GET"]}}],"collection":[{"href":"https:\/\/jonathanbrill.com\/es\/wp-json\/wp\/v2\/pages"}],"about":[{"href":"https:\/\/jonathanbrill.com\/es\/wp-json\/wp\/v2\/types\/page"}],"author":[{"embeddable":true,"href":"https:\/\/jonathanbrill.com\/es\/wp-json\/wp\/v2\/users\/2"}],"replies":[{"embeddable":true,"href":"https:\/\/jonathanbrill.com\/es\/wp-json\/wp\/v2\/comments?post=4830"}],"version-history":[{"count":5,"href":"https:\/\/jonathanbrill.com\/es\/wp-json\/wp\/v2\/pages\/4830\/revisions"}],"predecessor-version":[{"id":5205,"href":"https:\/\/jonathanbrill.com\/es\/wp-json\/wp\/v2\/pages\/4830\/revisions\/5205"}],"up":[{"embeddable":true,"href":"https:\/\/jonathanbrill.com\/es\/wp-json\/wp\/v2\/pages\/4958"}],"wp:featuredmedia":[{"embeddable":true,"href":"https:\/\/jonathanbrill.com\/es\/wp-json\/wp\/v2\/media\/4750"}],"wp:attachment":[{"href":"https:\/\/jonathanbrill.com\/es\/wp-json\/wp\/v2\/media?parent=4830"}],"curies":[{"name":"wp","href":"https:\/\/api.w.org\/{rel}","templated":true}]}}